{"id":3118,"date":"2025-11-12T14:06:53","date_gmt":"2025-11-12T14:06:53","guid":{"rendered":"https:\/\/susama.ch\/?page_id=3118"},"modified":"2025-11-12T14:08:51","modified_gmt":"2025-11-12T14:08:51","slug":"impressum","status":"publish","type":"page","link":"https:\/\/susama.ch\/en\/impressum\/","title":{"rendered":"Legal notice"},"content":{"rendered":"<div data-elementor-type=\"wp-page\" data-elementor-id=\"3118\" class=\"elementor elementor-3118\" data-elementor-post-type=\"page\">\n\t\t\t\t<div class=\"elementor-element elementor-element-35f4222 e-flex e-con-boxed e-con e-parent\" data-id=\"35f4222\" data-element_type=\"container\" data-e-type=\"container\">\n\t\t\t\t\t<div class=\"e-con-inner\">\n\t\t\t\t<div class=\"elementor-element elementor-element-3649ba5 elementor-widget elementor-widget-text-editor\" data-id=\"3649ba5\" data-element_type=\"widget\" data-e-type=\"widget\" data-widget_type=\"text-editor.default\">\n\t\t\t\t\t\t\t\t\t<h2 style=\"margin: 10px 0px; padding: 0px; overflow-wrap: break-word; color: #3b3663; font-family: Nunito; font-weight: 800; font-size: 30px; line-height: 40px; letter-spacing: normal;\"><b>IMPRESSUM<\/b><\/h2><h2 style=\"margin: 10px 0px; padding: 0px; overflow-wrap: break-word; color: #3b3663; font-family: Nunito; font-weight: 800; font-size: 30px; line-height: 40px; letter-spacing: normal;\"><b>\u00a0<\/b><\/h2><p style=\"margin: 0px 0px 18px; padding: 0px; line-height: 1.5; color: #696687; font-family: Rubik; font-size: 18px;\"><strong>Inhalt<\/strong><\/p><p style=\"margin: 0px 0px 18px; padding: 0px; line-height: 1.5; color: #696687; font-family: Rubik; font-size: 18px;\">susama GmbH<\/p><p style=\"margin: 0px 0px 18px; padding: 0px; line-height: 1.5; color: #696687; font-family: Rubik; font-size: 18px;\">Gewerbestrasse 5<\/p><p style=\"margin: 0px 0px 18px; padding: 0px; line-height: 1.5; color: #696687; font-family: Rubik; font-size: 18px;\">6330 Cham, Schweiz<\/p><p style=\"margin: 0px 0px 18px; padding: 0px; line-height: 1.5; color: #696687; font-family: Rubik; font-size: 18px;\"><a style=\"transition: 0.2s ease-in-out; color: #6254e7; outline: none !important;\" href=\"tel:+41 41 515 16 40\">+41 41 515 16 40<\/a><\/p><p style=\"margin: 0px 0px 18px; padding: 0px; line-height: 1.5; color: #696687; font-family: Rubik; font-size: 18px;\"><a style=\"transition: 0.2s ease-in-out; color: #6254e7; outline: none !important;\" href=\"mailto:info@susama.ch\">info@susama.ch<\/a><\/p><p style=\"margin: 0px 0px 18px; padding: 0px; line-height: 1.5; color: #696687; font-family: Rubik; font-size: 18px;\">Nachfolgend \u00abGesellschaft\u00bb<\/p><p style=\"margin: 0px 0px 18px; padding: 0px; line-height: 1.5; color: #696687; font-family: Rubik; font-size: 18px;\"><strong>Gestaltung und Umsetzung<\/strong><\/p><p style=\"margin: 0px 0px 18px; padding: 0px; line-height: 1.5; color: #696687; font-family: Rubik; font-size: 18px;\">susama GmbH<\/p><p style=\"margin: 0px 0px 18px; padding: 0px; line-height: 1.5; color: #696687; font-family: Rubik; font-size: 18px;\">Gewerbestrasse 5<\/p><p style=\"margin: 0px 0px 18px; padding: 0px; line-height: 1.5; color: #696687; font-family: Rubik; font-size: 18px;\">6330 Cham<\/p><p style=\"margin: 0px 0px 18px; padding: 0px; line-height: 1.5; color: #696687; font-family: Rubik; font-size: 18px;\">Schweiz<\/p><p style=\"margin: 0px 0px 18px; padding: 0px; line-height: 1.5; color: #696687; font-family: Rubik; font-size: 18px;\"><a style=\"transition: 0.2s ease-in-out; color: #6254e7; outline: none !important;\" href=\"https:\/\/susama.ch\/en\/\" target=\"_blank\" rel=\"noopener\">www.susama.ch<\/a><\/p><h2 style=\"margin: 10px 0px; padding: 0px; overflow-wrap: break-word; color: #3b3663; font-family: Nunito; font-weight: 800; font-size: 30px; line-height: 40px; letter-spacing: normal;\"><b>Haftungsausschluss<\/b><\/h2><p style=\"margin: 0px 0px 18px; padding: 0px; line-height: 1.5; color: #696687; font-family: Rubik; font-size: 18px;\"><b>1. Inhalt<\/b><\/p><p style=\"margin: 0px 0px 18px; padding: 0px; line-height: 1.5; color: #696687; font-family: Rubik; font-size: 18px;\">Die Gesellschaft \u00fcbernimmt keinerlei Gew\u00e4hr f\u00fcr die Aktualit\u00e4t, Korrektheit, Vollst\u00e4ndigkeit oder Qualit\u00e4t der bereitgestellten Informationen. Haftungsanspr\u00fcche gegen den Autor, welche sich auf Sch\u00e4den materieller oder ideeller Art beziehen, die durch die Nutzung oder Nichtnutzung der dargebotenen Informationen, bzw. durch die Nutzung fehlerhafter und unvollst\u00e4ndiger Informationen verursacht wurden, sind grunds\u00e4tzlich ausgeschlossen, sofern seitens des Autors kein nachweislich vors\u00e4tzliches oder grob fahrl\u00e4ssiges Verschulden vorliegt.<\/p><p style=\"margin: 0px 0px 18px; padding: 0px; line-height: 1.5; color: #696687; font-family: Rubik; font-size: 18px;\">Alle Angebote sind freibleibend und unverbindlich. Der Autor beh\u00e4lt es sich ausdr\u00fccklich vor, Teile der Seiten oder das gesamte Angebot ohne gesonderte Ank\u00fcndigung zu ver\u00e4ndern, zu erg\u00e4nzen, zu l\u00f6schen oder die Ver\u00f6ffentlichung zeitweise oder endg\u00fcltig einzustellen.<\/p><p style=\"margin: 0px 0px 18px; padding: 0px; line-height: 1.5; color: #696687; font-family: Rubik; font-size: 18px;\"><b>2. Urheberrecht<\/b><\/p><p style=\"margin: 0px 0px 18px; padding: 0px; line-height: 1.5; color: #696687; font-family: Rubik; font-size: 18px;\">Die Gesellschaft ist bestrebt, in allen Publikationen die Urheberrechte der verwendeten Grafiken, und Texte zu beachten, von ihm selbst erstellte Grafiken, und Texte zu nutzen oder auf lizenzfreie Grafiken und Texte zur\u00fcckzugreifen.<\/p><p style=\"margin: 0px 0px 18px; padding: 0px; line-height: 1.5; color: #696687; font-family: Rubik; font-size: 18px;\">Alle innerhalb des Internetangebotes genannten und ggf. durch Dritte gesch\u00fctzten Marken- und Warenzeichen unterliegen uneingeschr\u00e4nkt den Bestimmungen des jeweils g\u00fcltigen Kennzeichenrechts und den Besitzrechten der jeweiligen eingetragenen Eigent\u00fcmer. Allein aufgrund der blossen Nennung ist nicht der Schluss zu ziehen, dass Markenzeichen nicht durch Rechte Dritter gesch\u00fctzt sind.<\/p><p style=\"margin: 0px 0px 18px; padding: 0px; line-height: 1.5; color: #696687; font-family: Rubik; font-size: 18px;\"><b>3. Copyright<\/b><\/p><p style=\"margin: 0px 0px 18px; padding: 0px; line-height: 1.5; color: #696687; font-family: Rubik; font-size: 18px;\">Die von der Gesellschaft ver\u00f6ffentlichten Text- und Bildmaterialien sind urheberrechtlich gesch\u00fctzt.<br \/><b><br \/>4. Rechtswirksamkeit<\/b><\/p><p style=\"margin: 0px 0px 18px; padding: 0px; line-height: 1.5; color: #696687; font-family: Rubik; font-size: 18px;\">Dieser Haftungsausschluss ist als Teil des Internetangebotes zu betrachten, von dem aus auf diese Seite verwiesen wurde. Sofern Teile oder einzelne Formulierungen dieses Textes der geltenden Rechtslage nicht, nicht mehr oder nicht vollst\u00e4ndig entsprechen sollten, bleiben die \u00fcbrigen Teile des Dokumentes in ihrem Inhalt und ihrer G\u00fcltigkeit davon unber\u00fchrt.<\/p><p style=\"margin: 0px 0px 18px; padding: 0px; line-height: 1.5; color: #696687; font-family: Rubik; font-size: 18px;\"><b>5. Gerichtsstand:<\/b><\/p><h3 style=\"margin: 10px 0px; padding: 0px; overflow-wrap: break-word; color: #3b3663; font-family: Nunito; font-weight: 800; font-size: 24px; line-height: 30px;\">Gerichtsstand ist am Ort der Gesellschaft, Schweiz<\/h3>\t\t\t\t\t\t\t\t<\/div>\n\t\t\t\t\t<\/div>\n\t\t\t\t<\/div>\n\t\t\t\t<\/div>","protected":false},"excerpt":{"rendered":"<p>IMPRESSUM \u00a0 Inhalt susama GmbH Gewerbestrasse 5 6330 Cham, Schweiz +41 41 515 16 40 info@susama.ch Nachfolgend \u00abGesellschaft\u00bb Gestaltung und Umsetzung susama GmbH Gewerbestrasse 5 6330 Cham Schweiz www.susama.ch Haftungsausschluss 1. Inhalt Die Gesellschaft \u00fcbernimmt keinerlei Gew\u00e4hr f\u00fcr die Aktualit\u00e4t, Korrektheit, Vollst\u00e4ndigkeit oder Qualit\u00e4t der bereitgestellten Informationen. Haftungsanspr\u00fcche gegen den Autor, welche sich auf Sch\u00e4den [&hellip;]<\/p>","protected":false},"author":1,"featured_media":0,"parent":0,"menu_order":0,"comment_status":"closed","ping_status":"closed","template":"","meta":{"footnotes":""},"class_list":["post-3118","page","type-page","status-publish","hentry"],"_links":{"self":[{"href":"https:\/\/susama.ch\/en\/wp-json\/wp\/v2\/pages\/3118","targetHints":{"allow":["GET"]}}],"collection":[{"href":"https:\/\/susama.ch\/en\/wp-json\/wp\/v2\/pages"}],"about":[{"href":"https:\/\/susama.ch\/en\/wp-json\/wp\/v2\/types\/page"}],"author":[{"embeddable":true,"href":"https:\/\/susama.ch\/en\/wp-json\/wp\/v2\/users\/1"}],"replies":[{"embeddable":true,"href":"https:\/\/susama.ch\/en\/wp-json\/wp\/v2\/comments?post=3118"}],"version-history":[{"count":3,"href":"https:\/\/susama.ch\/en\/wp-json\/wp\/v2\/pages\/3118\/revisions"}],"predecessor-version":[{"id":3121,"href":"https:\/\/susama.ch\/en\/wp-json\/wp\/v2\/pages\/3118\/revisions\/3121"}],"wp:attachment":[{"href":"https:\/\/susama.ch\/en\/wp-json\/wp\/v2\/media?parent=3118"}],"curies":[{"name":"wp","href":"https:\/\/api.w.org\/{rel}","templated":true}]}}