{"id":1177,"date":"2025-09-10T05:55:31","date_gmt":"2025-09-10T05:55:31","guid":{"rendered":"https:\/\/susama.ch\/?page_id=1177"},"modified":"2025-11-12T14:02:50","modified_gmt":"2025-11-12T14:02:50","slug":"blog","status":"publish","type":"page","link":"https:\/\/susama.ch\/en\/blog\/","title":{"rendered":"Blog"},"content":{"rendered":"<div data-elementor-type=\"wp-page\" data-elementor-id=\"1177\" class=\"elementor elementor-1177\" data-elementor-post-type=\"page\">\n\t\t\t\t<div class=\"elementor-element elementor-element-2d01c7d e-flex e-con-boxed e-con e-parent\" data-id=\"2d01c7d\" data-element_type=\"container\" data-e-type=\"container\">\n\t\t\t\t\t<div class=\"e-con-inner\">\n\t\t<div class=\"elementor-element elementor-element-53e5e78 e-con-full e-flex e-con e-child\" data-id=\"53e5e78\" data-element_type=\"container\" data-e-type=\"container\">\n\t\t<div class=\"elementor-element elementor-element-c5c45b7 e-con-full e-flex e-con e-child\" data-id=\"c5c45b7\" data-element_type=\"container\" data-e-type=\"container\">\n\t\t\t\t<div class=\"elementor-element elementor-element-cad09eb elementor-widget elementor-widget-heading\" data-id=\"cad09eb\" data-element_type=\"widget\" data-e-type=\"widget\" data-widget_type=\"heading.default\">\n\t\t\t\t\t<h1 class=\"elementor-heading-title elementor-size-default\">Inspiring<br>\n<span class='gray-txt'>BLOG<\/span><\/h1>\t\t\t\t<\/div>\n\t\t\t\t<\/div>\n\t\t<div class=\"elementor-element elementor-element-a528615 e-con-full e-flex e-con e-child\" data-id=\"a528615\" data-element_type=\"container\" data-e-type=\"container\">\n\t\t\t\t<div class=\"elementor-element elementor-element-5250007 elementor-widget elementor-widget-text-editor\" data-id=\"5250007\" data-element_type=\"widget\" data-e-type=\"widget\" data-widget_type=\"text-editor.default\">\n\t\t\t\t\t\t\t\t\tKnowledge should be shared \u2013 and that's exactly what we do in our blog. Here you will find valuable tips, current trends and in-depth insights into web design, SEO, branding and digital marketing. Our goal is to provide you not only with inspiration, but also with practical solutions and food for thought. Check back regularly and get excited about new ideas!\t\t\t\t\t\t\t\t<\/div>\n\t\t\t\t<\/div>\n\t\t\t\t<\/div>\n\t\t\t\t\t<\/div>\n\t\t\t\t<\/div>\n\t\t<div class=\"elementor-element elementor-element-73e2576 e-flex e-con-boxed e-con e-parent\" data-id=\"73e2576\" data-element_type=\"container\" data-e-type=\"container\">\n\t\t\t\t\t<div class=\"e-con-inner\">\n\t\t<div class=\"elementor-element elementor-element-31e0471 e-con-full e-flex e-con e-child\" data-id=\"31e0471\" data-element_type=\"container\" data-e-type=\"container\">\n\t\t\t\t<div class=\"elementor-element elementor-element-917cef0 elementor-widget elementor-widget-taxonomy-filter\" data-id=\"917cef0\" data-element_type=\"widget\" data-e-type=\"widget\" data-settings=\"{&quot;selected_element&quot;:&quot;22f5f34&quot;,&quot;taxonomy&quot;:&quot;category&quot;,&quot;horizontal_scroll&quot;:&quot;disable&quot;}\" data-widget_type=\"taxonomy-filter.default\">\n\t\t\t\t\t\t\t<search class=\"e-filter\" role=\"search\" data-base-url=\"https:\/\/susama.ch\/en\/\" data-page-num=\"1\">\n\t\t\t\t\t\t\t<button class=\"e-filter-item\" data-filter=\"marketing\" aria-pressed=\"false\">Marketing<\/button>\n\t\t\t\t\t\t\t<button class=\"e-filter-item\" data-filter=\"seo\" aria-pressed=\"false\">SEO<\/button>\n\t\t\t\n\t\t\t\t\t\t\t\t\t<button class=\"e-filter-item\" data-filter=\"__all\" aria-pressed=\"true\">\n\t\t\t\tAll\t\t\t<\/button>\n\t\t\t\t\t<\/search>\n\t\t\t\t\t\t<\/div>\n\t\t\t\t<div class=\"elementor-element elementor-element-22f5f34 elementor-grid-tablet_extra-2 elementor-grid-3 elementor-grid-tablet-2 elementor-grid-mobile-1 elementor-widget elementor-widget-loop-grid\" data-id=\"22f5f34\" data-element_type=\"widget\" data-e-type=\"widget\" data-settings=\"{&quot;template_id&quot;:&quot;720&quot;,&quot;pagination_type&quot;:&quot;load_more_on_click&quot;,&quot;columns_tablet_extra&quot;:2,&quot;_skin&quot;:&quot;post&quot;,&quot;columns&quot;:&quot;3&quot;,&quot;columns_tablet&quot;:&quot;2&quot;,&quot;columns_mobile&quot;:&quot;1&quot;,&quot;edit_handle_selector&quot;:&quot;[data-elementor-type=\\&quot;loop-item\\&quot;]&quot;,&quot;load_more_spinner&quot;:{&quot;value&quot;:&quot;fas fa-spinner&quot;,&quot;library&quot;:&quot;fa-solid&quot;},&quot;row_gap&quot;:{&quot;unit&quot;:&quot;px&quot;,&quot;size&quot;:&quot;&quot;,&quot;sizes&quot;:[]},&quot;row_gap_widescreen&quot;:{&quot;unit&quot;:&quot;px&quot;,&quot;size&quot;:&quot;&quot;,&quot;sizes&quot;:[]},&quot;row_gap_tablet_extra&quot;:{&quot;unit&quot;:&quot;px&quot;,&quot;size&quot;:&quot;&quot;,&quot;sizes&quot;:[]},&quot;row_gap_tablet&quot;:{&quot;unit&quot;:&quot;px&quot;,&quot;size&quot;:&quot;&quot;,&quot;sizes&quot;:[]},&quot;row_gap_mobile&quot;:{&quot;unit&quot;:&quot;px&quot;,&quot;size&quot;:&quot;&quot;,&quot;sizes&quot;:[]}}\" data-widget_type=\"loop-grid.post\">\n\t\t\t\t<div class=\"elementor-widget-container\">\n\t\t\t\t\t\t\t<div class=\"elementor-loop-container elementor-grid\" role=\"list\">\n\t\t<style id=\"loop-dynamic-720\">.e-loop-item-779 .elementor-element.elementor-element-a2bebbd:not(.elementor-motion-effects-element-type-background), .e-loop-item-779 .elementor-element.elementor-element-a2bebbd > .elementor-motion-effects-container > .elementor-motion-effects-layer{background-image:url(\"https:\/\/susama.ch\/wp-content\/uploads\/2025\/09\/img-4.png\");}<\/style><style id=\"loop-720\">.elementor-720 .elementor-element.elementor-element-a2bebbd{--display:flex;--min-height:640px;--justify-content:flex-end;--border-radius:15px 15px 15px 15px;--margin-top:0px;--margin-bottom:0px;--margin-left:0px;--margin-right:0px;--padding-top:39px;--padding-bottom:39px;--padding-left:37px;--padding-right:37px;}.elementor-720 .elementor-element.elementor-element-a2bebbd:not(.elementor-motion-effects-element-type-background), .elementor-720 .elementor-element.elementor-element-a2bebbd > .elementor-motion-effects-container > .elementor-motion-effects-layer{background-position:center center;background-repeat:no-repeat;background-size:cover;}.elementor-720 .elementor-element.elementor-element-b26ed78{--display:flex;--border-radius:15px 15px 15px 15px;--padding-top:30px;--padding-bottom:30px;--padding-left:30px;--padding-right:30px;}.elementor-720 .elementor-element.elementor-element-b26ed78:not(.elementor-motion-effects-element-type-background), .elementor-720 .elementor-element.elementor-element-b26ed78 > .elementor-motion-effects-container > .elementor-motion-effects-layer{background-color:var( --e-global-color-3233d27 );}.elementor-widget-text-editor{font-family:var( --e-global-typography-text-font-family ), Sans-serif;color:var( --e-global-color-text );}.elementor-widget-text-editor.elementor-drop-cap-view-stacked .elementor-drop-cap{background-color:var( --e-global-color-primary );}.elementor-widget-text-editor.elementor-drop-cap-view-framed .elementor-drop-cap, .elementor-widget-text-editor.elementor-drop-cap-view-default .elementor-drop-cap{color:var( --e-global-color-primary );border-color:var( --e-global-color-primary );}.elementor-720 .elementor-element.elementor-element-9dd4531{font-size:24px;font-weight:400;line-height:26px;}.elementor-widget-theme-post-title .elementor-heading-title{font-family:var( --e-global-typography-primary-font-family ), Sans-serif;color:var( --e-global-color-primary );}.elementor-720 .elementor-element.elementor-element-45d9561{--display:flex;--gap:40px 40px;--row-gap:40px;--column-gap:40px;--margin-top:0px;--margin-bottom:0px;--margin-left:0px;--margin-right:0px;--padding-top:0px;--padding-bottom:0px;--padding-left:0px;--padding-right:0px;}.elementor-widget-post-info .elementor-icon-list-item:not(:last-child):after{border-color:var( --e-global-color-text );}.elementor-widget-post-info .elementor-icon-list-icon i{color:var( --e-global-color-primary );}.elementor-widget-post-info .elementor-icon-list-icon svg{fill:var( --e-global-color-primary );}.elementor-widget-post-info .elementor-icon-list-text, .elementor-widget-post-info .elementor-icon-list-text a{color:var( --e-global-color-secondary );}.elementor-widget-post-info .elementor-icon-list-item{font-family:var( --e-global-typography-text-font-family ), Sans-serif;}.elementor-720 .elementor-element.elementor-element-e2d3fd8 .elementor-icon-list-icon{width:14px;}.elementor-720 .elementor-element.elementor-element-e2d3fd8 .elementor-icon-list-icon i{font-size:14px;}.elementor-720 .elementor-element.elementor-element-e2d3fd8 .elementor-icon-list-icon svg{--e-icon-list-icon-size:14px;}.elementor-720 .elementor-element.elementor-element-e2d3fd8 .elementor-icon-list-item{font-weight:600;}@media(max-width:1200px){.elementor-720 .elementor-element.elementor-element-a2bebbd{--min-height:500px;--padding-top:25px;--padding-bottom:25px;--padding-left:25px;--padding-right:25px;}.elementor-720 .elementor-element.elementor-element-d3014bf .elementor-heading-title{font-size:30px;}}@media(max-width:1024px){.elementor-720 .elementor-element.elementor-element-9dd4531{font-size:20px;}.elementor-720 .elementor-element.elementor-element-d3014bf .elementor-heading-title{font-size:28px;}.elementor-720 .elementor-element.elementor-element-e2d3fd8 .elementor-icon-list-item{font-size:18px;}}@media(max-width:767px){.elementor-720 .elementor-element.elementor-element-a2bebbd{--min-height:450px;--padding-top:20px;--padding-bottom:20px;--padding-left:20px;--padding-right:20px;}.elementor-720 .elementor-element.elementor-element-b26ed78{--padding-top:20px;--padding-bottom:18px;--padding-left:14px;--padding-right:14px;}.elementor-720 .elementor-element.elementor-element-9dd4531{font-size:17px;line-height:20px;}.elementor-720 .elementor-element.elementor-element-d3014bf .elementor-heading-title{font-size:20px;line-height:28px;}.elementor-720 .elementor-element.elementor-element-65c7e9e{width:var( --container-widget-width, 280px );max-width:280px;--container-widget-width:280px;--container-widget-flex-grow:0;}.elementor-720 .elementor-element.elementor-element-e2d3fd8 .elementor-icon-list-item{font-size:17px;}}\/* Start custom CSS for text-editor, class: .elementor-element-65c7e9e *\/.elementor-720 .elementor-element.elementor-element-65c7e9e.pst-exprt{\r\n  display: -webkit-box;\r\n  -webkit-line-clamp: 5; \r\n  -webkit-box-orient: vertical;\r\n  overflow: hidden;\r\n  text-overflow: ellipsis;\r\n  min-height: 136px; \r\n}\r\n\r\n@media (max-width: 767px) {\r\n  .elementor-720 .elementor-element.elementor-element-65c7e9e.pst-exprt{\r\n    -webkit-line-clamp: 6; \r\n  }\r\n}\/* End custom CSS *\/\n\/* Start custom CSS for container, class: .elementor-element-b26ed78 *\/.elementor-720 .elementor-element.elementor-element-b26ed78{\n    backdrop-filter: blur(15px);\n    overflow: hidden;\n}\n\n\n.elementor-720 .elementor-element.elementor-element-b26ed78 .pst-cntn{ \n    margin-bottom:-223px;\n    transition: all 0.8s ease-in-out;\n    opacity: 0; \n    \n}\n \n\n\n.elementor-720 .elementor-element.elementor-element-b26ed78:hover .pst-cntn{\n    margin-bottom:0%; \n    opacity: 1; \n    \n}\/* End custom CSS *\/<\/style>\t\t<div data-elementor-type=\"loop-item\" data-elementor-id=\"720\" class=\"elementor elementor-720 e-loop-item e-loop-item-779 post-779 post type-post status-publish format-standard has-post-thumbnail hentry category-marketing category-seo tag-business tag-marketing tag-seo\" data-elementor-post-type=\"elementor_library\" data-custom-edit-handle=\"1\">\n\t\t\t<div class=\"elementor-element elementor-element-a2bebbd main-cntn e-flex e-con-boxed e-con e-parent\" data-id=\"a2bebbd\" data-element_type=\"container\" data-e-type=\"container\" data-settings=\"{&quot;background_background&quot;:&quot;classic&quot;}\">\n\t\t\t\t\t<div class=\"e-con-inner\">\n\t\t<div class=\"elementor-element elementor-element-b26ed78 e-con-full e-flex e-con e-child\" data-id=\"b26ed78\" data-element_type=\"container\" data-e-type=\"container\" data-settings=\"{&quot;background_background&quot;:&quot;classic&quot;}\">\n\t\t\t\t<div class=\"elementor-element elementor-element-9dd4531 elementor-widget elementor-widget-text-editor\" data-id=\"9dd4531\" data-element_type=\"widget\" data-e-type=\"widget\" data-widget_type=\"text-editor.default\">\n\t\t\t\t\t\t\t\t\t<span>Marketing<\/span> \/ <span>SEO<\/span>\t\t\t\t\t\t\t\t<\/div>\n\t\t\t\t<div class=\"elementor-element elementor-element-d3014bf elementor-widget elementor-widget-theme-post-title elementor-page-title elementor-widget-heading\" data-id=\"d3014bf\" data-element_type=\"widget\" data-e-type=\"widget\" data-widget_type=\"theme-post-title.default\">\n\t\t\t\t\t<h4 class=\"elementor-heading-title elementor-size-default\"><a href=\"https:\/\/susama.ch\/en\/googles_neue_ai_overview\/\">Googles neue AI Overviews in \u201eWeitere Fragen\u201c: Wie Ihr Unternehmen von den Ver\u00e4nderungen profitieren kann<\/a><\/h4>\t\t\t\t<\/div>\n\t\t<div class=\"elementor-element elementor-element-45d9561 e-con-full pst-cntn e-flex e-con e-child\" data-id=\"45d9561\" data-element_type=\"container\" data-e-type=\"container\">\n\t\t\t\t<div class=\"elementor-element elementor-element-65c7e9e elementor-widget-mobile__width-initial pst-exprt elementor-widget elementor-widget-text-editor\" data-id=\"65c7e9e\" data-element_type=\"widget\" data-e-type=\"widget\" data-widget_type=\"text-editor.default\">\n\t\t\t\t\t\t\t\t\tGoogle entwickelt seine AI Overviews konsequent weiter. Nach den ersten Tests erscheinen die KI-generierten Zusammenfassungen nun auch im beliebten Bereich \u201eWeitere Fragen\u201c (englisch: People also ask)&#8230;.\t\t\t\t\t\t\t\t<\/div>\n\t\t\t\t<div class=\"elementor-element elementor-element-e2d3fd8 elementor-widget elementor-widget-post-info\" data-id=\"e2d3fd8\" data-element_type=\"widget\" data-e-type=\"widget\" data-widget_type=\"post-info.default\">\n\t\t\t\t\t\t\t<ul class=\"elementor-inline-items elementor-icon-list-items elementor-post-info\">\n\t\t\t\t\t\t\t\t<li class=\"elementor-icon-list-item elementor-repeater-item-3226b31 elementor-inline-item\" itemprop=\"datePublished\">\n\t\t\t\t\t\t<a href=\"https:\/\/susama.ch\/en\/2025\/09\/09\/\">\n\t\t\t\t\t\t\t\t\t\t\t\t\t\t<span class=\"elementor-icon-list-text elementor-post-info__item elementor-post-info__item--type-date\">\n\t\t\t\t\t\t\t\t\t\t<time>September 9, 2025<\/time>\t\t\t\t\t<\/span>\n\t\t\t\t\t\t\t\t\t<\/a>\n\t\t\t\t<\/li>\n\t\t\t\t<\/ul>\n\t\t\t\t\t\t<\/div>\n\t\t\t\t<\/div>\n\t\t\t\t<\/div>\n\t\t\t\t\t<\/div>\n\t\t\t\t<\/div>\n\t\t\t\t<\/div>\n\t\t<style id=\"loop-dynamic-720\">.e-loop-item-734 .elementor-element.elementor-element-a2bebbd:not(.elementor-motion-effects-element-type-background), .e-loop-item-734 .elementor-element.elementor-element-a2bebbd > .elementor-motion-effects-container > .elementor-motion-effects-layer{background-image:url(\"https:\/\/susama.ch\/wp-content\/uploads\/2025\/09\/img-4.png\");}<\/style>\t\t<div data-elementor-type=\"loop-item\" data-elementor-id=\"720\" class=\"elementor elementor-720 e-loop-item e-loop-item-734 post-734 post type-post status-publish format-standard has-post-thumbnail hentry category-marketing category-seo\" data-elementor-post-type=\"elementor_library\" data-custom-edit-handle=\"1\">\n\t\t\t<div class=\"elementor-element elementor-element-a2bebbd main-cntn e-flex e-con-boxed e-con e-parent\" data-id=\"a2bebbd\" data-element_type=\"container\" data-e-type=\"container\" data-settings=\"{&quot;background_background&quot;:&quot;classic&quot;}\">\n\t\t\t\t\t<div class=\"e-con-inner\">\n\t\t<div class=\"elementor-element elementor-element-b26ed78 e-con-full e-flex e-con e-child\" data-id=\"b26ed78\" data-element_type=\"container\" data-e-type=\"container\" data-settings=\"{&quot;background_background&quot;:&quot;classic&quot;}\">\n\t\t\t\t<div class=\"elementor-element elementor-element-9dd4531 elementor-widget elementor-widget-text-editor\" data-id=\"9dd4531\" data-element_type=\"widget\" data-e-type=\"widget\" data-widget_type=\"text-editor.default\">\n\t\t\t\t\t\t\t\t\t<span>Marketing<\/span> \/ <span>SEO<\/span>\t\t\t\t\t\t\t\t<\/div>\n\t\t\t\t<div class=\"elementor-element elementor-element-d3014bf elementor-widget elementor-widget-theme-post-title elementor-page-title elementor-widget-heading\" data-id=\"d3014bf\" data-element_type=\"widget\" data-e-type=\"widget\" data-widget_type=\"theme-post-title.default\">\n\t\t\t\t\t<h4 class=\"elementor-heading-title elementor-size-default\"><a href=\"https:\/\/susama.ch\/en\/chatgpt_und_google\/\">ChatGPT und Google: Warum die meisten Nutzer beide Tools verwenden \u2013 und was das f\u00fcr Ihr Unternehmen bedeutet<\/a><\/h4>\t\t\t\t<\/div>\n\t\t<div class=\"elementor-element elementor-element-45d9561 e-con-full pst-cntn e-flex e-con e-child\" data-id=\"45d9561\" data-element_type=\"container\" data-e-type=\"container\">\n\t\t\t\t<div class=\"elementor-element elementor-element-65c7e9e elementor-widget-mobile__width-initial pst-exprt elementor-widget elementor-widget-text-editor\" data-id=\"65c7e9e\" data-element_type=\"widget\" data-e-type=\"widget\" data-widget_type=\"text-editor.default\">\n\t\t\t\t\t\t\t\t\tMehr als 95 % der ChatGPT-Nutzer greifen zus\u00e4tzlich auch auf Google zur\u00fcck, w\u00e4hrend rund 14,3 % der Google-User ebenfalls ChatGPT verwenden&#8230;.\t\t\t\t\t\t\t\t<\/div>\n\t\t\t\t<div class=\"elementor-element elementor-element-e2d3fd8 elementor-widget elementor-widget-post-info\" data-id=\"e2d3fd8\" data-element_type=\"widget\" data-e-type=\"widget\" data-widget_type=\"post-info.default\">\n\t\t\t\t\t\t\t<ul class=\"elementor-inline-items elementor-icon-list-items elementor-post-info\">\n\t\t\t\t\t\t\t\t<li class=\"elementor-icon-list-item elementor-repeater-item-3226b31 elementor-inline-item\" itemprop=\"datePublished\">\n\t\t\t\t\t\t<a href=\"https:\/\/susama.ch\/en\/2025\/09\/09\/\">\n\t\t\t\t\t\t\t\t\t\t\t\t\t\t<span class=\"elementor-icon-list-text elementor-post-info__item elementor-post-info__item--type-date\">\n\t\t\t\t\t\t\t\t\t\t<time>September 9, 2025<\/time>\t\t\t\t\t<\/span>\n\t\t\t\t\t\t\t\t\t<\/a>\n\t\t\t\t<\/li>\n\t\t\t\t<\/ul>\n\t\t\t\t\t\t<\/div>\n\t\t\t\t<\/div>\n\t\t\t\t<\/div>\n\t\t\t\t\t<\/div>\n\t\t\t\t<\/div>\n\t\t\t\t<\/div>\n\t\t<style id=\"loop-dynamic-720\">.e-loop-item-731 .elementor-element.elementor-element-a2bebbd:not(.elementor-motion-effects-element-type-background), .e-loop-item-731 .elementor-element.elementor-element-a2bebbd > .elementor-motion-effects-container > .elementor-motion-effects-layer{background-image:url(\"https:\/\/susama.ch\/wp-content\/uploads\/2025\/09\/img-4.png\");}<\/style>\t\t<div data-elementor-type=\"loop-item\" data-elementor-id=\"720\" class=\"elementor elementor-720 e-loop-item e-loop-item-731 post-731 post type-post status-publish format-standard has-post-thumbnail hentry category-marketing\" data-elementor-post-type=\"elementor_library\" data-custom-edit-handle=\"1\">\n\t\t\t<div class=\"elementor-element elementor-element-a2bebbd main-cntn e-flex e-con-boxed e-con e-parent\" data-id=\"a2bebbd\" data-element_type=\"container\" data-e-type=\"container\" data-settings=\"{&quot;background_background&quot;:&quot;classic&quot;}\">\n\t\t\t\t\t<div class=\"e-con-inner\">\n\t\t<div class=\"elementor-element elementor-element-b26ed78 e-con-full e-flex e-con e-child\" data-id=\"b26ed78\" data-element_type=\"container\" data-e-type=\"container\" data-settings=\"{&quot;background_background&quot;:&quot;classic&quot;}\">\n\t\t\t\t<div class=\"elementor-element elementor-element-9dd4531 elementor-widget elementor-widget-text-editor\" data-id=\"9dd4531\" data-element_type=\"widget\" data-e-type=\"widget\" data-widget_type=\"text-editor.default\">\n\t\t\t\t\t\t\t\t\t<span>Marketing<\/span>\t\t\t\t\t\t\t\t<\/div>\n\t\t\t\t<div class=\"elementor-element elementor-element-d3014bf elementor-widget elementor-widget-theme-post-title elementor-page-title elementor-widget-heading\" data-id=\"d3014bf\" data-element_type=\"widget\" data-e-type=\"widget\" data-widget_type=\"theme-post-title.default\">\n\t\t\t\t\t<h4 class=\"elementor-heading-title elementor-size-default\"><a href=\"https:\/\/susama.ch\/en\/content_strategie\/\">Content-Strategie neu gedacht \u2013 nachhaltig erfolgreich mit Susama<\/a><\/h4>\t\t\t\t<\/div>\n\t\t<div class=\"elementor-element elementor-element-45d9561 e-con-full pst-cntn e-flex e-con e-child\" data-id=\"45d9561\" data-element_type=\"container\" data-e-type=\"container\">\n\t\t\t\t<div class=\"elementor-element elementor-element-65c7e9e elementor-widget-mobile__width-initial pst-exprt elementor-widget elementor-widget-text-editor\" data-id=\"65c7e9e\" data-element_type=\"widget\" data-e-type=\"widget\" data-widget_type=\"text-editor.default\">\n\t\t\t\t\t\t\t\t\tIn der heutigen digitalen Welt ist Content weit mehr als nur schm\u00fcckendes Beiwerk. Er bildet die Grundlage f\u00fcr Markenbekanntheit, Kundenbindung und langfristiges Wachstum&#8230;.\t\t\t\t\t\t\t\t<\/div>\n\t\t\t\t<div class=\"elementor-element elementor-element-e2d3fd8 elementor-widget elementor-widget-post-info\" data-id=\"e2d3fd8\" data-element_type=\"widget\" data-e-type=\"widget\" data-widget_type=\"post-info.default\">\n\t\t\t\t\t\t\t<ul class=\"elementor-inline-items elementor-icon-list-items elementor-post-info\">\n\t\t\t\t\t\t\t\t<li class=\"elementor-icon-list-item elementor-repeater-item-3226b31 elementor-inline-item\" itemprop=\"datePublished\">\n\t\t\t\t\t\t<a href=\"https:\/\/susama.ch\/en\/2025\/09\/09\/\">\n\t\t\t\t\t\t\t\t\t\t\t\t\t\t<span class=\"elementor-icon-list-text elementor-post-info__item elementor-post-info__item--type-date\">\n\t\t\t\t\t\t\t\t\t\t<time>September 9, 2025<\/time>\t\t\t\t\t<\/span>\n\t\t\t\t\t\t\t\t\t<\/a>\n\t\t\t\t<\/li>\n\t\t\t\t<\/ul>\n\t\t\t\t\t\t<\/div>\n\t\t\t\t<\/div>\n\t\t\t\t<\/div>\n\t\t\t\t\t<\/div>\n\t\t\t\t<\/div>\n\t\t\t\t<\/div>\n\t\t\t\t<\/div>\n\t\t\t\t\t<span class=\"e-load-more-spinner\">\n\t\t\t\t<svg aria-hidden=\"true\" class=\"e-font-icon-svg e-fas-spinner\" viewbox=\"0 0 512 512\" xmlns=\"http:\/\/www.w3.org\/2000\/svg\"><path d=\"M304 48c0 26.51-21.49 48-48 48s-48-21.49-48-48 21.49-48 48-48 48 21.49 48 48zm-48 368c-26.51 0-48 21.49-48 48s21.49 48 48 48 48-21.49 48-48-21.49-48-48-48zm208-208c-26.51 0-48 21.49-48 48s21.49 48 48 48 48-21.49 48-48-21.49-48-48-48zM96 256c0-26.51-21.49-48-48-48S0 229.49 0 256s21.49 48 48 48 48-21.49 48-48zm12.922 99.078c-26.51 0-48 21.49-48 48s21.49 48 48 48 48-21.49 48-48c0-26.509-21.491-48-48-48zm294.156 0c-26.51 0-48 21.49-48 48s21.49 48 48 48 48-21.49 48-48c0-26.509-21.49-48-48-48zM108.922 60.922c-26.51 0-48 21.49-48 48s21.49 48 48 48 48-21.49 48-48-21.491-48-48-48z\"><\/path><\/svg>\t\t\t<\/span>\n\t\t\n\t\t\t\t\t\t<\/div>\n\t\t\t\t<\/div>\n\t\t\t\t<\/div>\n\t\t\t\t\t<\/div>\n\t\t\t\t<\/div>\n\t\t\t\t<\/div>","protected":false},"excerpt":{"rendered":"<p>Inspirierender BLOG Wissen sollte geteilt werden \u2013 und genau das tun wir in unserem Blog. Hier findest du wertvolle Tipps, aktuelle Trends und tiefgehende Insights rund um Webdesign, SEO, Branding und digitales Marketing. Unser Ziel ist es, dir nicht nur Inspiration zu liefern, sondern auch praxisnahe L\u00f6sungen und Denkanst\u00f6\u00dfe. Schau regelm\u00e4\u00dfig vorbei und lass dich [&hellip;]<\/p>","protected":false},"author":1,"featured_media":0,"parent":0,"menu_order":0,"comment_status":"closed","ping_status":"closed","template":"","meta":{"footnotes":""},"class_list":["post-1177","page","type-page","status-publish","hentry"],"_links":{"self":[{"href":"https:\/\/susama.ch\/en\/wp-json\/wp\/v2\/pages\/1177","targetHints":{"allow":["GET"]}}],"collection":[{"href":"https:\/\/susama.ch\/en\/wp-json\/wp\/v2\/pages"}],"about":[{"href":"https:\/\/susama.ch\/en\/wp-json\/wp\/v2\/types\/page"}],"author":[{"embeddable":true,"href":"https:\/\/susama.ch\/en\/wp-json\/wp\/v2\/users\/1"}],"replies":[{"embeddable":true,"href":"https:\/\/susama.ch\/en\/wp-json\/wp\/v2\/comments?post=1177"}],"version-history":[{"count":352,"href":"https:\/\/susama.ch\/en\/wp-json\/wp\/v2\/pages\/1177\/revisions"}],"predecessor-version":[{"id":3117,"href":"https:\/\/susama.ch\/en\/wp-json\/wp\/v2\/pages\/1177\/revisions\/3117"}],"wp:attachment":[{"href":"https:\/\/susama.ch\/en\/wp-json\/wp\/v2\/media?parent=1177"}],"curies":[{"name":"wp","href":"https:\/\/api.w.org\/{rel}","templated":true}]}}